{"id":151,"date":"2021-12-06T18:04:07","date_gmt":"2021-12-06T20:04:07","guid":{"rendered":"https:\/\/www.apm.org.br\/galeriavirtual\/?page_id=151"},"modified":"2024-01-03T16:42:58","modified_gmt":"2024-01-03T19:42:58","slug":"termos-de-participacao-da-galeria-virtual","status":"publish","type":"page","link":"https:\/\/www.apm.org.br\/galeriavirtual\/termos-de-participacao-da-galeria-virtual\/","title":{"rendered":""},"content":{"rendered":"\n<h2>VOC\u00ca GOSTA DE FOTOGRAFAR?<\/h2>\n\n\n\n<p>A Associa\u00e7\u00e3o Paulista de Medicina tem o prazer de convidar m\u00e9dicos que gostam de fotografar para apresentar seus trabalhos art\u00edsticos na galeria virtual que ficar\u00e3o hospedados no site <a href=\"https:\/\/www.apm.org.br\/galeriavirtual\">apm.org.br\/galeriavirtual<\/a>&nbsp; mostrando para outros colegas o seu olhar atrav\u00e9s das lentes, o cotidiano da vida do M\u00e9dico.<\/p>\n\n\n\n<hr class=\"wp-block-separator\"\/>\n\n\n\n<h2>TERMOS DE PARTICIPA\u00c7\u00c3O DA GALERIA VIRTUAL: O OLHAR FOTOGR\u00c1FICO DO M\u00c9DICO<\/h2>\n\n\n\n<p>Torna-se p\u00fablico os crit\u00e9rios de participa\u00e7\u00e3o e o uso das imagens selecionadas. Os participantes aderem as condi\u00e7\u00f5es estabelecidas nestes termos, n\u00e3o sendo necess\u00e1rio o pagamento de qualquer quantia e\/ou valor pelos participantes <strong>(exclusivo para m\u00e9dico\/as).<\/strong><\/p>\n\n\n\n<p>Dessa forma, o participante adere todas as disposi\u00e7\u00f5es, declarando que CONCORDA com o teor deste Regulamento.<\/p>\n\n\n\n<hr class=\"wp-block-separator\"\/>\n\n\n\n<h2>SOBRE O TEMA E QUANTIDADE<\/h2>\n\n\n\n<p>O <strong>TEMA<\/strong> de cada expositor \u00e9 livre, sendo aceitos trabalhos de fotografias e n\u00e3o tendo a necessidade de serem artistas profissionais.<\/p>\n\n\n\n<p>Cada artista poder\u00e1 contribuir com at\u00e9 30 trabalhos \u2013 e ficar\u00e1 por 90 (noventa) dias para visita\u00e7\u00e3o, podendo o prazo ser prorrogado.<\/p>\n\n\n\n<hr class=\"wp-block-separator\"\/>\n\n\n\n<h2>REGRAS DE CONTE\u00daDO<\/h2>\n\n\n\n<p>a) Os trabalhos ser\u00e3o originais e pessoais;<br>b) A(o) m\u00e9dica(o) \u00e9 a(o) dona(o) dos direitos autorais exclusivos;<br>c) No caso de ser o retrato de uma pessoa, ser\u00e1 necess\u00e1rio seu consentimento por escrito e no caso de retratar um menor, o de seus respons\u00e1veis;<br>d) Concordando com o termo, o associado aprova a cess\u00e3o dos direitos autorais<strong> <\/strong>para utiliza\u00e7\u00e3o exclusivamente na exposi\u00e7\u00e3o virtual \u201cO Olhar Fotogr\u00e1fico do M\u00e9dico\u201d.<\/p>\n\n\n\n<hr class=\"wp-block-separator\"\/>\n\n\n\n<h2>AS FOTOS N\u00c3O PODEM<\/h2>\n\n\n\n<p>a) Infringir os direitos autorais de algu\u00e9m;<br>b) Infringir qualquer outro direito, como uma marca comercial, ou qualquer pessoa ou entidade ou um direito de alguma pessoa ou entidade;<br>c) Inclus\u00e3o de qualquer material contendo informa\u00e7\u00f5es pessoais de identifica\u00e7\u00e3o de outra pessoa, sem a aprova\u00e7\u00e3o da pessoa;<br>d) A Diretoria Cultural ficar\u00e1 respons\u00e1vel por aprovar e\/ou vetar alguma imagem.<\/p>\n\n\n\n<hr class=\"wp-block-separator\"\/>\n\n\n\n<h2>INFORMA\u00c7\u00d5ES NECESS\u00c1RIAS<\/h2>\n\n\n\n<ul><li>Nome completo;<\/li><li>Nome art\u00edstico;<\/li><li>Contato;<\/li><li>CRM;<\/li><li>Foto de perfil;<\/li><li>Breve curr\u00edculo \u2013 5 linhas;<\/li><li>Especialidade;<\/li><li>Hist\u00f3ria de como iniciou seu olhar fotogr\u00e1fico (opcional);<\/li><li>Breve texto sobre as fotos (opcional);<\/li><li>Fotos em alta resolu\u00e7\u00e3o (300 dpi);<\/li><li>Colocar os t\u00edtulos das fotos no arquivo e a data;<\/li><li>Enviar os arquivos atrav\u00e9s do site <a rel=\"noreferrer noopener\" href=\"https:\/\/wetransfer.com\/\" target=\"_blank\">wetransfer.com<\/a>;<\/li><li>M\u00eddias sociais do artista (opcional).<\/li><\/ul>\n\n\n\n<hr class=\"wp-block-separator\"\/>\n\n\n\n<h2>DIRETORIA RESPONS\u00c1VEL<br><\/h2>\n\n\n\n<p>Dra. Cleusa Cascaes Dias, Diretora Cultural <\/p>\n\n\n\n<p>Dr. Guido Arturo Palomba, Diretor Cultural Adjunto<\/p>\n\n\n\n<hr class=\"wp-block-separator\"\/>\n\n\n\n<h2>ENVIAR O MATERIAL PARA:<\/h2>\n\n\n\n<p>Fl\u00e1via Negr\u00e3o, Coordenadora Cultural<\/p>\n\n\n\n<p><a href=\"tel:+551131884305\">+55 11 3188.4305<\/a> \u2013 E-mail: <a href=\"mailto:flavianegrao@apm.org.br\">flavianegrao@apm.org.br<\/a><\/p>\n\n\n\n<hr class=\"wp-block-separator\"\/>\n\n\n\n<a href=\"https:\/\/www.apm.org.br\/galeriavirtual\/\"><button type=\"button\" style=\"margin: 10px 0px;\" name=\"button\" class=\"botao-voltar\"><i class=\"fas fa-arrow-left\" style=\"margin-right: 10px\"><\/i>VOLTAR<\/button><\/a>\n","protected":false},"excerpt":{"rendered":"<p>VOC\u00ca GOSTA DE FOTOGRAFAR? A Associa\u00e7\u00e3o Paulista de Medicina tem o prazer de convidar m\u00e9dicos que gostam de fotografar para apresentar seus trabalhos art\u00edsticos na galeria virtual que ficar\u00e3o hospedados no site apm.org.br\/galeriavirtual&nbsp; mostrando para outros colegas o seu olhar atrav\u00e9s das lentes, o cotidiano da vida do M\u00e9dico. TERMOS DE PARTICIPA\u00c7\u00c3O DA GALERIA VIRTUAL: [&hellip;]<\/p>\n","protected":false},"author":1,"featured_media":0,"parent":0,"menu_order":0,"comment_status":"closed","ping_status":"closed","template":"","meta":[],"acf":[],"_links":{"self":[{"href":"https:\/\/www.apm.org.br\/galeriavirtual\/wp-json\/wp\/v2\/pages\/151"}],"collection":[{"href":"https:\/\/www.apm.org.br\/galeriavirtual\/wp-json\/wp\/v2\/pages"}],"about":[{"href":"https:\/\/www.apm.org.br\/galeriavirtual\/wp-json\/wp\/v2\/types\/page"}],"author":[{"embeddable":true,"href":"https:\/\/www.apm.org.br\/galeriavirtual\/wp-json\/wp\/v2\/users\/1"}],"replies":[{"embeddable":true,"href":"https:\/\/www.apm.org.br\/galeriavirtual\/wp-json\/wp\/v2\/comments?post=151"}],"version-history":[{"count":34,"href":"https:\/\/www.apm.org.br\/galeriavirtual\/wp-json\/wp\/v2\/pages\/151\/revisions"}],"predecessor-version":[{"id":1286,"href":"https:\/\/www.apm.org.br\/galeriavirtual\/wp-json\/wp\/v2\/pages\/151\/revisions\/1286"}],"wp:attachment":[{"href":"https:\/\/www.apm.org.br\/galeriavirtual\/wp-json\/wp\/v2\/media?parent=151"}],"curies":[{"name":"wp","href":"https:\/\/api.w.org\/{rel}","templated":true}]}}